{"id":31,"date":"2019-11-21T15:16:19","date_gmt":"2019-11-21T14:16:19","guid":{"rendered":"http:\/\/workinprogresssite.pl\/?page_id=31"},"modified":"2020-01-07T21:01:48","modified_gmt":"2020-01-07T20:01:48","slug":"muzyka","status":"publish","type":"page","link":"https:\/\/arsenalsoft.pl\/index.php\/muzyka\/","title":{"rendered":"Muzyka"},"content":{"rendered":"\n<p class=\"has-large-font-size\">Emotions &#8211; Oryginalny album Marii Magdaleny Maleckiej<\/p>\n\n\n\n<figure class=\"wp-block-image alignwide size-full\"><img loading=\"lazy\" width=\"800\" height=\"320\" src=\"http:\/\/workinprogresssite.pl\/wp-content\/uploads\/2019\/11\/logo.png\" alt=\"\" class=\"wp-image-65\" srcset=\"https:\/\/arsenalsoft.pl\/wp-content\/uploads\/2019\/11\/logo.png 800w, https:\/\/arsenalsoft.pl\/wp-content\/uploads\/2019\/11\/logo-300x120.png 300w, https:\/\/arsenalsoft.pl\/wp-content\/uploads\/2019\/11\/logo-768x307.png 768w\" sizes=\"(max-width: 800px) 100vw, 800px\" \/><\/figure>\n\n\n\n<p>\u201eTo muzyka maj\u0105ca w sobie ogromn\u0105 dawk\u0119 pokoju. Znajdziemy ca\u0142\u0105 skal\u0119 emocji, cho\u0107 przewa\u017caj\u0105 odcienie pastelowe. To idealny prezent dla pokolenia, kt\u00f3re szczyt szcz\u0119\u015bcia prze\u017cywa, znajduj\u0105c wolne miejsce na zat\u0142oczonym do granic mo\u017cliwo\u015bci parkingu pod supermarketem. Ta muzyka naprawd\u0119 wycisza (testowa\u0142em przez kilka dni). \u201eEmotions\u201d to album w pe\u0142ni autorski. Na kr\u0105\u017cku us\u0142yszymy dwana\u015bcie utwor\u00f3w, kt\u00f3re skomponowa\u0142a i zagra\u0142a Maria Magdalena Ma\u0142ecka. To jej debiutancka p\u0142yta. (\u2026)\u201d&nbsp; &nbsp; &nbsp;Marcin JAKIMOWICZ<\/p>\n\n\n\n<p>Album EMOTIONS zosta\u0142 wydany za namow\u0105 bliskich znajomych. Maria Magdalena nigdy nie uczy\u0142a si\u0119 kompozycji. Sko\u0144czy\u0142a szko\u0142\u0119 muzyczn\u0105 II st. kilkana\u015bcie lat temu. Za\u0142o\u017cy\u0142a rodzin\u0119 i zaj\u0119\u0142a si\u0119 opiek\u0105 nad czw\u00f3rk\u0105 dzieci. Gdy dzieci podros\u0142y Maria Magdalena powr\u00f3ci\u0142a do gry na fortepianie przypominaj\u0105c sobie utwory, kt\u00f3re gra\u0142a dawniej b\u0119d\u0105c w szkole muzycznej. Nie spodziewa\u0142a si\u0119, \u017ce za kilka miesi\u0119cy sama zacznie uczestniczy\u0107 w tworzeniu muzyki.<\/p>\n\n\n\n<p>P\u0142yta EMOTIONS spotka\u0142a si\u0119 z bardzo dobrym odbiorem s\u0142uchaczy, kt\u00f3rzy doznaj\u0105 r\u00f3\u017cnorodnych wra\u017ce\u0144 podczas s\u0142uchania. Wybrane komentarze:<\/p>\n\n\n\n<p>\u201eDosta\u0142em dzi\u015b p\u0142yt\u0119, jest \u015bwietna!!! S\u0142ucham od przyj\u015bcia z pracy, i naprawd\u0119 robi wra\u017cenie (\u2026) muzyka jest tak ciekawa, r\u00f3\u017cnorodna i niebanalna.\u201d<\/p>\n\n\n\n<p>\u201e(\u2026) polecam p\u0142yt\u0119 Emotions jako doskona\u0142ego towarzysza podr\u00f3\u017cy (mi\u0142o jej s\u0142ucha\u0107 w aucie), jako muzyk\u0119 towarzysz\u0105c\u0105 w pracy (dzia\u0142a relaksacyjnie) oraz jako dzie\u0142o do s\u0142uchania w zaciszu domowym w pe\u0142nym skupieniu i koncentracji na ka\u017cdym d\u017awi\u0119ku.\u201d<\/p>\n\n\n\n<p>\u201eUtw\u00f3r numer 5 i 6 mistrzostwo. Idealne aby wyciszy\u0107 si\u0119 w domowym zaciszu. P.s przy ca\u0142ej p\u0142ycie dosta\u0142em natchnienia do napisania nowej karty menu do restauracji\u201d<\/p>\n\n\n\n<p>\u201ePrzecudowna! Uspokaja, wycisza, nape\u0142nia pokojem. Moja ukochana kompozycja to 2. I od dzi\u015b 12 &#8211; wznosi pod samo niebo.\u201d<\/p>\n\n\n\n<p>Muzyka z albumu EMOTIONS ma wi\u0119c r\u00f3\u017cnorodne dzia\u0142anie na odbiorc\u00f3w: inspiruje, uspokaja, wycisza, \u0142agodzi, pozwala si\u0119 skupi\u0107, pomaga przej\u015b\u0107 przez trudne do\u015bwiadczenia \u017cyciowe, dzia\u0142a koj\u0105co.<\/p>\n\n\n\n<p>Album zosta\u0142 nagrany w profesjonalnym studiu RecPublica w Lubrzy. Jest bardzo dobrze zrealizowany pod wzgl\u0119dem dynamiki i przestrzenno\u015bci brzmienia.<\/p>\n\n\n\n<p>Wi\u0119cej na <a href=\"http:\/\/www.mmmalecka.com\">www.mmmalecka.com<\/a><\/p>\n","protected":false},"excerpt":{"rendered":"<p>Emotions &#8211; Oryginalny album Marii Magdaleny Maleckiej \u201eTo muzyka maj\u0105ca w sobie ogromn\u0105 dawk\u0119 pokoju. Znajdziemy ca\u0142\u0105 skal\u0119 emocji, cho\u0107 przewa\u017caj\u0105 odcienie pastelowe. To idealny prezent dla pokolenia, kt\u00f3re szczyt szcz\u0119\u015bcia prze\u017cywa, znajduj\u0105c wolne miejsce na zat\u0142oczonym do granic mo\u017cliwo\u015bci parkingu pod supermarketem. Ta muzyka naprawd\u0119 wycisza (testowa\u0142em przez kilka dni). \u201eEmotions\u201d to album w [&hellip;]<\/p>\n","protected":false},"author":1,"featured_media":0,"parent":0,"menu_order":0,"comment_status":"closed","ping_status":"closed","template":"templates\/full-width.php","meta":[],"_links":{"self":[{"href":"https:\/\/arsenalsoft.pl\/index.php\/wp-json\/wp\/v2\/pages\/31"}],"collection":[{"href":"https:\/\/arsenalsoft.pl\/index.php\/wp-json\/wp\/v2\/pages"}],"about":[{"href":"https:\/\/arsenalsoft.pl\/index.php\/wp-json\/wp\/v2\/types\/page"}],"author":[{"embeddable":true,"href":"https:\/\/arsenalsoft.pl\/index.php\/wp-json\/wp\/v2\/users\/1"}],"replies":[{"embeddable":true,"href":"https:\/\/arsenalsoft.pl\/index.php\/wp-json\/wp\/v2\/comments?post=31"}],"version-history":[{"count":5,"href":"https:\/\/arsenalsoft.pl\/index.php\/wp-json\/wp\/v2\/pages\/31\/revisions"}],"predecessor-version":[{"id":366,"href":"https:\/\/arsenalsoft.pl\/index.php\/wp-json\/wp\/v2\/pages\/31\/revisions\/366"}],"wp:attachment":[{"href":"https:\/\/arsenalsoft.pl\/index.php\/wp-json\/wp\/v2\/media?parent=31"}],"curies":[{"name":"wp","href":"https:\/\/api.w.org\/{rel}","templated":true}]}}