{"id":16,"date":"2019-11-21T15:04:59","date_gmt":"2019-11-21T14:04:59","guid":{"rendered":"http:\/\/workinprogresssite.pl\/?page_id=16"},"modified":"2024-12-04T14:21:44","modified_gmt":"2024-12-04T13:21:44","slug":"strona-glowna","status":"publish","type":"page","link":"https:\/\/arsenalsoft.pl\/","title":{"rendered":"Strona G\u0142\u00f3wna"},"content":{"rendered":"\n<div class=\"row\" style=\"padding: 10px 10px\"><\/div>\n\n\n\n\n\n\n\n<div class=\"row\" style=\"padding: 10px 10px\"><\/div>\n\n\n\n<div class=\"wp-block-group\"><div class=\"wp-block-group__inner-container\">\n<div class=\"row\" style=\"text-align: center;\">\n<div class=\"col\">\n<figure class=\"wp-block-image size-full\">\n<a href=\"http:\/\/arsenalsoft.pl\/index.php\/producent\/ghislersoftware\/\">\n<img loading=\"lazy\" width=\"380\" height=\"316\" src=\"http:\/\/arsenalsoft.pl\/wp-content\/uploads\/2019\/12\/arsenalsoft-baner1.jpg\" alt=\"\" class=\"wp-image-355\" srcset=\"https:\/\/arsenalsoft.pl\/wp-content\/uploads\/2019\/12\/arsenalsoft-baner1.jpg 380w, https:\/\/arsenalsoft.pl\/wp-content\/uploads\/2019\/12\/arsenalsoft-baner1-300x249.jpg 300w\" sizes=\"(max-width: 380px) 100vw, 380px\" \/><\/a><\/figure>\n<\/div>\n<div class=\"col\">\n<figure class=\"wp-block-image size-full\">\n<a href=\"http:\/\/arsenalsoft.pl\/index.php\/producent\/techsmith\/\">\n<img loading=\"lazy\" width=\"380\" height=\"316\" src=\"http:\/\/arsenalsoft.pl\/wp-content\/uploads\/2019\/12\/arsenalsoft-baner2.jpg\" alt=\"\" class=\"wp-image-356\" srcset=\"https:\/\/arsenalsoft.pl\/wp-content\/uploads\/2019\/12\/arsenalsoft-baner2.jpg 380w, https:\/\/arsenalsoft.pl\/wp-content\/uploads\/2019\/12\/arsenalsoft-baner2-300x249.jpg 300w\" sizes=\"(max-width: 380px) 100vw, 380px\" \/><\/a><\/figure>\n<\/div>\n<\/div>\n<\/div><\/div>\n\n\n\n<div class=\"row\" style=\"padding: 10px 10px\"><\/div>\n\n\n\n<h4 class=\"has-text-align-center\">O FIRMIE<\/h4>\n\n\n\n<p class=\"has-text-align-center has-small-font-size\"><em>Jeste\u015bmy rodzinn\u0105 firm\u0105 dbaj\u0105c\u0105 o obs\u0142ug\u0119 swoich go\u015bci (klient\u00f3w). Posiadamy ARSENA\u0141 oprogramowania, w postaci kontakt\u00f3w z kilkuset producentami oprogramowania z ca\u0142ego \u015bwiata. Prezentowana tutaj oferta jest tylko niewielk\u0105 cz\u0119\u015bci\u0105 naszych mo\u017cliwo\u015bci.<\/em><\/p>\n\n\n\n<p class=\"has-text-align-center has-medium-font-size\"><strong>Producenci<\/strong><\/p>\n\n\n\n<div class=\"alignwide\"><div class='white' style='background:rgba(0,0,0,0); border:solid 0px rgba(0,0,0,0); border-radius:0px; padding:0px 0px 0px 0px;'>\n<div id='slider_334' class='owl-carousel sa_owl_theme autohide-arrows' data-slider-id='slider_334' style='visibility:hidden;'>\n<div id='slider_334_slide01' class='sa_hover_container' style='padding:10% 10%; margin:0px 0%; background-image:url(&quot;https:\/\/arsenalsoft.pl\/wp-content\/uploads\/2019\/12\/1.png&quot;); background-position:center center; background-size:contain; background-repeat:no-repeat; min-height:100px; '><\/div>\n<div id='slider_334_slide02' class='sa_hover_container' style='padding:10% 10%; margin:0px 0%; background-image:url(&quot;https:\/\/arsenalsoft.pl\/wp-content\/uploads\/2019\/12\/2.png&quot;); background-position:center center; background-size:contain; background-repeat:no-repeat; min-height:100px; '><\/div>\n<div id='slider_334_slide03' class='sa_hover_container' style='padding:10% 10%; margin:0px 0%; background-image:url(&quot;https:\/\/arsenalsoft.pl\/wp-content\/uploads\/2019\/12\/3.png&quot;); background-position:center center; background-size:contain; background-repeat:no-repeat; min-height:100px; '><\/div>\n<div id='slider_334_slide04' class='sa_hover_container' style='padding:10% 10%; margin:0px 0%; background-image:url(&quot;https:\/\/arsenalsoft.pl\/wp-content\/uploads\/2019\/12\/minitabg.png&quot;); background-position:center center; background-size:contain; background-repeat:no-repeat; min-height:100px; '><\/div>\n<\/div>\n<\/div>\n<script type='text\/javascript'>\n\tjQuery(document).ready(function() {\n\t\tjQuery('#slider_334').owlCarousel({\n\t\t\tresponsive:{\n\t\t\t\t0:{ items:3 },\n\t\t\t\t480:{ items:4 },\n\t\t\t\t768:{ items:5 },\n\t\t\t\t980:{ items:5 },\n\t\t\t\t1200:{ items:7 },\n\t\t\t\t1500:{ items:7 }\n\t\t\t},\n\t\t\tautoplay : true,\n\t\t\tautoplayTimeout : 3500,\n\t\t\tautoplayHoverPause : true,\n\t\t\tsmartSpeed : 500,\n\t\t\tfluidSpeed : 500,\n\t\t\tautoplaySpeed : 500,\n\t\t\tnavSpeed : 500,\n\t\t\tdotsSpeed : 500,\n\t\t\tloop : true,\n\t\t\tnav : false,\n\t\t\tnavText : ['Previous','Next'],\n\t\t\tdots : false,\n\t\t\tresponsiveRefreshRate : 200,\n\t\t\tslideBy : 2,\n\t\t\tmergeFit : true,\n\t\t\tautoHeight : false,\n\t\t\tmouseDrag : true,\n\t\t\ttouchDrag : true\n\t\t});\n\t\tjQuery('#slider_334').css('visibility', 'visible');\n\t\tvar owl_goto = jQuery('#slider_334');\n\t\tjQuery('.slider_334_goto1').click(function(event){\n\t\t\towl_goto.trigger('to.owl.carousel', 0);\n\t\t});\n\t\tjQuery('.slider_334_goto2').click(function(event){\n\t\t\towl_goto.trigger('to.owl.carousel', 1);\n\t\t});\n\t\tjQuery('.slider_334_goto3').click(function(event){\n\t\t\towl_goto.trigger('to.owl.carousel', 2);\n\t\t});\n\t\tjQuery('.slider_334_goto4').click(function(event){\n\t\t\towl_goto.trigger('to.owl.carousel', 3);\n\t\t});\n\t\tvar resize_334 = jQuery('.owl-carousel');\n\t\tresize_334.on('initialized.owl.carousel', function(e) {\n\t\t\tif (typeof(Event) === 'function') {\n\t\t\t\twindow.dispatchEvent(new Event('resize'));\n\t\t\t} else {\n\t\t\t\tvar evt = window.document.createEvent('UIEvents');\n\t\t\t\tevt.initUIEvent('resize', true, false, window, 0);\n\t\t\t\twindow.dispatchEvent(evt);\n\t\t\t}\n\t\t});\n\t});\n<\/script>\n<\/div>\n\n\n\n\n\n<pre class=\"wp-block-code\"><code><\/code><\/pre>\n\n\n\n<p><\/p>\n","protected":false},"excerpt":{"rendered":"<p>O FIRMIE Jeste\u015bmy rodzinn\u0105 firm\u0105 dbaj\u0105c\u0105 o obs\u0142ug\u0119 swoich go\u015bci (klient\u00f3w). Posiadamy ARSENA\u0141 oprogramowania, w postaci kontakt\u00f3w z kilkuset producentami oprogramowania z ca\u0142ego \u015bwiata. Prezentowana tutaj oferta jest tylko niewielk\u0105 cz\u0119\u015bci\u0105 naszych mo\u017cliwo\u015bci. Producenci<\/p>\n","protected":false},"author":1,"featured_media":0,"parent":0,"menu_order":0,"comment_status":"closed","ping_status":"closed","template":"templates\/full-width.php","meta":[],"_links":{"self":[{"href":"https:\/\/arsenalsoft.pl\/index.php\/wp-json\/wp\/v2\/pages\/16"}],"collection":[{"href":"https:\/\/arsenalsoft.pl\/index.php\/wp-json\/wp\/v2\/pages"}],"about":[{"href":"https:\/\/arsenalsoft.pl\/index.php\/wp-json\/wp\/v2\/types\/page"}],"author":[{"embeddable":true,"href":"https:\/\/arsenalsoft.pl\/index.php\/wp-json\/wp\/v2\/users\/1"}],"replies":[{"embeddable":true,"href":"https:\/\/arsenalsoft.pl\/index.php\/wp-json\/wp\/v2\/comments?post=16"}],"version-history":[{"count":45,"href":"https:\/\/arsenalsoft.pl\/index.php\/wp-json\/wp\/v2\/pages\/16\/revisions"}],"predecessor-version":[{"id":417,"href":"https:\/\/arsenalsoft.pl\/index.php\/wp-json\/wp\/v2\/pages\/16\/revisions\/417"}],"wp:attachment":[{"href":"https:\/\/arsenalsoft.pl\/index.php\/wp-json\/wp\/v2\/media?parent=16"}],"curies":[{"name":"wp","href":"https:\/\/api.w.org\/{rel}","templated":true}]}}