{"id":11,"date":"2019-11-21T15:03:36","date_gmt":"2019-11-21T14:03:36","guid":{"rendered":"http:\/\/workinprogresssite.pl\/?page_id=11"},"modified":"2020-01-07T21:19:07","modified_gmt":"2020-01-07T20:19:07","slug":"o-firmie","status":"publish","type":"page","link":"https:\/\/arsenalsoft.pl\/index.php\/o-firmie\/","title":{"rendered":"O firmie"},"content":{"rendered":"\n<p><em>Jeste\u015bmy rodzinn\u0105 firm\u0105 dbaj\u0105c\u0105 o obs\u0142ug\u0119 swoich go\u015bci (klient\u00f3w). Posiadamy ARSENA\u0141 oprogramowania, w postaci kontakt\u00f3w z kilkuset producentami oprogramowania z ca\u0142ego \u015bwiata. Prezentowana na tej stronie oferta jest tylko niewielk\u0105 cz\u0119\u015bci\u0105 naszych mo\u017cliwo\u015bci.<\/em><br><\/p>\n\n\n\n<figure class=\"wp-block-image size-large\"><img loading=\"lazy\" width=\"1024\" height=\"345\" src=\"http:\/\/workinprogresssite.pl\/wp-content\/uploads\/2019\/11\/ars-1024x345.png\" alt=\"arsenalsoft-logo\" class=\"wp-image-35\" srcset=\"https:\/\/arsenalsoft.pl\/wp-content\/uploads\/2019\/11\/ars-1024x345.png 1024w, https:\/\/arsenalsoft.pl\/wp-content\/uploads\/2019\/11\/ars-300x101.png 300w, https:\/\/arsenalsoft.pl\/wp-content\/uploads\/2019\/11\/ars-768x258.png 768w, https:\/\/arsenalsoft.pl\/wp-content\/uploads\/2019\/11\/ars.png 1254w\" sizes=\"(max-width: 1024px) 100vw, 1024px\" \/><\/figure>\n","protected":false},"excerpt":{"rendered":"<p>Jeste\u015bmy rodzinn\u0105 firm\u0105 dbaj\u0105c\u0105 o obs\u0142ug\u0119 swoich go\u015bci (klient\u00f3w). Posiadamy ARSENA\u0141 oprogramowania, w postaci kontakt\u00f3w z kilkuset producentami oprogramowania z ca\u0142ego \u015bwiata. Prezentowana na tej stronie oferta jest tylko niewielk\u0105 cz\u0119\u015bci\u0105 naszych mo\u017cliwo\u015bci.<\/p>\n","protected":false},"author":1,"featured_media":0,"parent":0,"menu_order":0,"comment_status":"closed","ping_status":"closed","template":"templates\/full-width.php","meta":[],"_links":{"self":[{"href":"https:\/\/arsenalsoft.pl\/index.php\/wp-json\/wp\/v2\/pages\/11"}],"collection":[{"href":"https:\/\/arsenalsoft.pl\/index.php\/wp-json\/wp\/v2\/pages"}],"about":[{"href":"https:\/\/arsenalsoft.pl\/index.php\/wp-json\/wp\/v2\/types\/page"}],"author":[{"embeddable":true,"href":"https:\/\/arsenalsoft.pl\/index.php\/wp-json\/wp\/v2\/users\/1"}],"replies":[{"embeddable":true,"href":"https:\/\/arsenalsoft.pl\/index.php\/wp-json\/wp\/v2\/comments?post=11"}],"version-history":[{"count":4,"href":"https:\/\/arsenalsoft.pl\/index.php\/wp-json\/wp\/v2\/pages\/11\/revisions"}],"predecessor-version":[{"id":368,"href":"https:\/\/arsenalsoft.pl\/index.php\/wp-json\/wp\/v2\/pages\/11\/revisions\/368"}],"wp:attachment":[{"href":"https:\/\/arsenalsoft.pl\/index.php\/wp-json\/wp\/v2\/media?parent=11"}],"curies":[{"name":"wp","href":"https:\/\/api.w.org\/{rel}","templated":true}]}}